{"id":13730,"date":"2021-02-09T15:20:33","date_gmt":"2021-02-09T15:20:33","guid":{"rendered":"https:\/\/agriculturafamiliar.ajap.pt\/?page_id=13730"},"modified":"2021-03-11T17:27:22","modified_gmt":"2021-03-11T17:27:22","slug":"projeto","status":"publish","type":"page","link":"https:\/\/agriculturafamiliar.ajap.pt\/?page_id=13730","title":{"rendered":"PROJETO"},"content":{"rendered":"<p>[vc_row][vc_column][vc_empty_space height=&#8221;40px&#8221;][vc_column_text]O projeto desenvolvido ao abrigo do <strong>PDR2020<\/strong> pretende realizar atividades de dissemina\u00e7\u00e3o de informa\u00e7\u00e3o t\u00e9cnica, relativos aos objetivos e impactos do <strong>ESTATUTO DA AGRICULTURA FAMILIAR<\/strong>, requisitos para o respetivo reconhecimento e os direitos confinados ao mesmo.<\/p>\n<p>As a\u00e7\u00f5es definidas visam dotar o setor agr\u00edcola e outras partes interessadas de instrumentos e informa\u00e7\u00e3o para uma melhor perce\u00e7\u00e3o da import\u00e2ncia da <strong>AGRICULTURA FAMILIAR<\/strong> e a sua relev\u00e2ncia na produ\u00e7\u00e3o, no emprego, na biodiversidade e na preserva\u00e7\u00e3o do ambiente atrav\u00e9s, nomeadamente, do incentivo \u00e0 produ\u00e7\u00e3o e ao consumo locais, que por sua vez minimizam as perdas e o desperd\u00edcio alimentares, garantindo tamb\u00e9m uma presen\u00e7a em muitas \u00e1reas do interior.[\/vc_column_text][vc_empty_space height=&#8221;20px&#8221;][\/vc_column][\/vc_row][vc_row][vc_column][vc_custom_heading text=&#8221;A\u00c7\u00d5ES&#8221; font_container=&#8221;tag:h5|text_align:left|color:%23ffffff&#8221; use_theme_fonts=&#8221;yes&#8221; el_class=&#8221;highlight-heading&#8221;][vc_row_inner css=&#8221;.vc_custom_1541629016093{padding-top: 40px !important;background-color: #ffffff !important;}&#8221; el_class=&#8221;home-boxes6&#8243;][vc_column_inner el_class=&#8221;home-boxes5&#8243; width=&#8221;1\/2&#8243;]<div class=\"ult-spacer spacer-69e8ca5f0aa3e\" data-id=\"69e8ca5f0aa3e\" data-height=\"\" data-height-mobile=\"20\" data-height-tab=\"\" data-height-tab-portrait=\"\" data-height-mobile-landscape=\"20\" style=\"clear:both;display:block;\"><\/div><div class=\"aio-icon-component    style_1\"><div id=\"Info-box-wrap-5284\" class=\"aio-icon-box left-icon\" style=\"\"  ><div class=\"aio-icon-left\"><div class=\"ult-just-icon-wrapper  \"><div class=\"align-icon\" style=\"text-align:center;\">\n<div class=\"aio-icon circle \"  style=\"color:#ffffff;background:#1e73be;font-size:22px;display:inline-block;\">\n\t<i class=\"Defaults-book\"><\/i>\n<\/div><\/div><\/div><\/div><div class=\"aio-ibd-block\"><div class=\"aio-icon-header\" ><h3 class=\"aio-icon-title ult-responsive\"  data-ultimate-target='#Info-box-wrap-5284 .aio-icon-title'  data-responsive-json-new='{\"font-size\":\"desktop:18px;\",\"line-height\":\"\"}'  style=\"color:#dd3333;\">A\u00c7\u00c3O 1<\/h3><\/div> <!-- header --><div class=\"aio-icon-description ult-responsive\"  data-ultimate-target='#Info-box-wrap-5284 .aio-icon-description'  data-responsive-json-new='{\"font-size\":\"\",\"line-height\":\"\"}'  style=\"\">Material em suporte f\u00edsico de dissemina\u00e7\u00e3o alargada<\/div> <!-- description --><\/div> <!-- aio-ibd-block --><\/div> <!-- aio-icon-box --><\/div> <!-- aio-icon-component -->[vc_empty_space height=&#8221;25px&#8221;]<div class=\"aio-icon-component    style_1\"><div id=\"Info-box-wrap-5452\" class=\"aio-icon-box left-icon\" style=\"\"  ><div class=\"aio-icon-left\"><div class=\"ult-just-icon-wrapper  \"><div class=\"align-icon\" style=\"text-align:center;\">\n<div class=\"aio-icon circle \"  style=\"color:#ffffff;background:#1e73be;font-size:22px;display:inline-block;\">\n\t<i class=\"Defaults-globe\"><\/i>\n<\/div><\/div><\/div><\/div><div class=\"aio-ibd-block\"><div class=\"aio-icon-header\" ><h3 class=\"aio-icon-title ult-responsive\"  data-ultimate-target='#Info-box-wrap-5452 .aio-icon-title'  data-responsive-json-new='{\"font-size\":\"desktop:18px;\",\"line-height\":\"\"}'  style=\"color:#dd3333;\">A\u00c7\u00c3O 2<\/h3><\/div> <!-- header --><div class=\"aio-icon-description ult-responsive\"  data-ultimate-target='#Info-box-wrap-5452 .aio-icon-description'  data-responsive-json-new='{\"font-size\":\"\",\"line-height\":\"\"}'  style=\"\">Material em suporte digital de dissemina\u00e7\u00e3o alargada<\/div> <!-- description --><\/div> <!-- aio-ibd-block --><\/div> <!-- aio-icon-box --><\/div> <!-- aio-icon-component -->[\/vc_column_inner][vc_column_inner el_class=&#8221;home-boxes6&#8243; width=&#8221;1\/2&#8243;]<div class=\"ult-spacer spacer-69e8ca5f0ab29\" data-id=\"69e8ca5f0ab29\" data-height=\"\" data-height-mobile=\"25\" data-height-tab=\"\" data-height-tab-portrait=\"\" data-height-mobile-landscape=\"25\" style=\"clear:both;display:block;\"><\/div><div class=\"aio-icon-component    style_1\"><div id=\"Info-box-wrap-2911\" class=\"aio-icon-box left-icon\" style=\"\"  ><div class=\"aio-icon-left\"><div class=\"ult-just-icon-wrapper  \"><div class=\"align-icon\" style=\"text-align:center;\">\n<div class=\"aio-icon circle \"  style=\"color:#ffffff;background:#1e73be;font-size:22px;display:inline-block;\">\n\t<i class=\"Defaults-bullhorn\"><\/i>\n<\/div><\/div><\/div><\/div><div class=\"aio-ibd-block\"><div class=\"aio-icon-header\" ><h3 class=\"aio-icon-title ult-responsive\"  data-ultimate-target='#Info-box-wrap-2911 .aio-icon-title'  data-responsive-json-new='{\"font-size\":\"desktop:18px;\",\"line-height\":\"\"}'  style=\"color:#dd3333;\">A\u00c7\u00c3O 3<\/h3><\/div> <!-- header --><div class=\"aio-icon-description ult-responsive\"  data-ultimate-target='#Info-box-wrap-2911 .aio-icon-description'  data-responsive-json-new='{\"font-size\":\"\",\"line-height\":\"\"}'  style=\"\">Participa\u00e7\u00e3o em Feiras do sector<\/div> <!-- description --><\/div> <!-- aio-ibd-block --><\/div> <!-- aio-icon-box --><\/div> <!-- aio-icon-component -->[vc_empty_space height=&#8221;25px&#8221;]<div class=\"aio-icon-component    style_1\"><div id=\"Info-box-wrap-7650\" class=\"aio-icon-box left-icon\" style=\"\"  ><div class=\"aio-icon-left\"><div class=\"ult-just-icon-wrapper  \"><div class=\"align-icon\" style=\"text-align:center;\">\n<div class=\"aio-icon circle \"  style=\"color:#ffffff;background:#1e73be;font-size:22px;display:inline-block;\">\n\t<i class=\"Defaults-comments\"><\/i>\n<\/div><\/div><\/div><\/div><div class=\"aio-ibd-block\"><div class=\"aio-icon-header\" ><h3 class=\"aio-icon-title ult-responsive\"  data-ultimate-target='#Info-box-wrap-7650 .aio-icon-title'  data-responsive-json-new='{\"font-size\":\"desktop:18px;\",\"line-height\":\"\"}'  style=\"color:#dd3333;\">A\u00c7\u00c3O 4<\/h3><\/div> <!-- header --><div class=\"aio-icon-description ult-responsive\"  data-ultimate-target='#Info-box-wrap-7650 .aio-icon-description'  data-responsive-json-new='{\"font-size\":\"\",\"line-height\":\"\"}'  style=\"\"><em>Workshops<\/em> de divulga\u00e7\u00e3o alargada<\/div> <!-- description --><\/div> <!-- aio-ibd-block --><\/div> <!-- aio-icon-box --><\/div> <!-- aio-icon-component -->[\/vc_column_inner][\/vc_row_inner][\/vc_column][\/vc_row]<\/p>\n","protected":false},"excerpt":{"rendered":"<p>[vc_row][vc_column][vc_empty_space height=&#8221;40px&#8221;][vc_column_text]O projeto desenvolvido ao abrigo do PDR2020 pretende realizar atividades de dissemina\u00e7\u00e3o de informa\u00e7\u00e3o t\u00e9cnica, relativos aos objetivos e impactos do ESTATUTO DA AGRICULTURA FAMILIAR, requisitos para o respetivo reconhecimento e os direitos confinados ao mesmo. As a\u00e7\u00f5es definidas visam dotar o setor agr\u00edcola e outras partes interessadas de instrumentos e informa\u00e7\u00e3o para uma [&hellip;]<\/p>\n","protected":false},"author":1,"featured_media":0,"parent":0,"menu_order":0,"comment_status":"closed","ping_status":"closed","template":"page.php","meta":{"footnotes":""},"class_list":["post-13730","page","type-page","status-publish","hentry"],"_links":{"self":[{"href":"https:\/\/agriculturafamiliar.ajap.pt\/index.php?rest_route=\/wp\/v2\/pages\/13730","targetHints":{"allow":["GET"]}}],"collection":[{"href":"https:\/\/agriculturafamiliar.ajap.pt\/index.php?rest_route=\/wp\/v2\/pages"}],"about":[{"href":"https:\/\/agriculturafamiliar.ajap.pt\/index.php?rest_route=\/wp\/v2\/types\/page"}],"author":[{"embeddable":true,"href":"https:\/\/agriculturafamiliar.ajap.pt\/index.php?rest_route=\/wp\/v2\/users\/1"}],"replies":[{"embeddable":true,"href":"https:\/\/agriculturafamiliar.ajap.pt\/index.php?rest_route=%2Fwp%2Fv2%2Fcomments&post=13730"}],"version-history":[{"count":10,"href":"https:\/\/agriculturafamiliar.ajap.pt\/index.php?rest_route=\/wp\/v2\/pages\/13730\/revisions"}],"predecessor-version":[{"id":13924,"href":"https:\/\/agriculturafamiliar.ajap.pt\/index.php?rest_route=\/wp\/v2\/pages\/13730\/revisions\/13924"}],"wp:attachment":[{"href":"https:\/\/agriculturafamiliar.ajap.pt\/index.php?rest_route=%2Fwp%2Fv2%2Fmedia&parent=13730"}],"curies":[{"name":"wp","href":"https:\/\/api.w.org\/{rel}","templated":true}]}}